{"id":351,"date":"2025-08-05T08:17:21","date_gmt":"2025-08-05T08:17:21","guid":{"rendered":"https:\/\/heidi-aichinger.at\/?page_id=351"},"modified":"2025-08-27T15:00:03","modified_gmt":"2025-08-27T15:00:03","slug":"fruehkindliche-reflexe","status":"publish","type":"page","link":"https:\/\/heidi-aichinger.at\/?page_id=351","title":{"rendered":"Fr\u00fchkindliche Reflexe"},"content":{"rendered":"\n<div class=\"wp-block-cover alignfull is-light\" style=\"min-height:244px;aspect-ratio:unset;\"><img loading=\"lazy\" decoding=\"async\" width=\"1024\" height=\"682\" class=\"wp-block-cover__image-background wp-image-31 size-large\" alt=\"\" src=\"http:\/\/heidi-aichinger.at\/wp-content\/uploads\/2025\/01\/baby-6823431_1280-1-1024x682.jpg\" style=\"object-position:58% 39%\" data-object-fit=\"cover\" data-object-position=\"58% 39%\" srcset=\"https:\/\/heidi-aichinger.at\/wp-content\/uploads\/2025\/01\/baby-6823431_1280-1-1024x682.jpg 1024w, https:\/\/heidi-aichinger.at\/wp-content\/uploads\/2025\/01\/baby-6823431_1280-1-300x200.jpg 300w, https:\/\/heidi-aichinger.at\/wp-content\/uploads\/2025\/01\/baby-6823431_1280-1-768x512.jpg 768w, https:\/\/heidi-aichinger.at\/wp-content\/uploads\/2025\/01\/baby-6823431_1280-1.jpg 1280w\" sizes=\"auto, (max-width: 1024px) 100vw, 1024px\" \/><span aria-hidden=\"true\" class=\"wp-block-cover__background has-background-dim-0 has-background-dim\" style=\"background-color:#a6a2aa\"><\/span><div class=\"wp-block-cover__inner-container is-layout-flow wp-block-cover-is-layout-flow\">\n<p class=\"has-text-align-right has-base-color has-text-color has-link-color has-xx-large-font-size wp-elements-6e38e796b2d279a43912e8e411776db4\"><sup>KinFlex\u00ae<\/sup><\/p>\n\n\n\n<p class=\"has-text-align-right has-base-color has-text-color has-link-color has-x-large-font-size wp-elements-c37daee60774633a736cb8581fd6991a\">Kinesiologisches Reflextraining<\/p>\n<\/div><\/div>\n\n\n\n<div class=\"wp-block-columns alignfull is-layout-flex wp-container-core-columns-is-layout-28f84493 wp-block-columns-is-layout-flex\">\n<div class=\"wp-block-column is-layout-flow wp-block-column-is-layout-flow\">\n<p class=\"has-text-align-center has-custom-color-4-background-color has-background has-x-large-font-size\">F\u00fcr mehr Leichtigkeit im Alltag, beim Lernen und Leben!<\/p>\n<\/div>\n<\/div>\n\n\n\n<div class=\"wp-block-nk-awb nk-awb alignfull\"><div class=\"nk-awb-wrap\" data-awb-type=\"color\"><div class=\"nk-awb-overlay\" style=\"background: #f4efeb;\"><\/div><\/div><div class=\"nk-awb-wrap-content has-global-padding is-layout-constrained wp-block-awb-is-layout-constrained\">\n<p><strong>Machst du dir Sorgen um dein Kind?<\/strong><br>Dein Kind hat Probleme sich zu regulieren, ist permanent unruhig und emotional \u00fcberlastet? Es hat Schwierigkeiten mit der Fein- und Grobmotorik und vielleicht Probleme bei der Sprachentwicklung oder leidet unter ADHS\/ADS\/LRS- oder hat eine Dyskalkulie-Diagnose? Dein Kind hat nur m\u00e4\u00dfige Erfolge in der Schule, obwohl es lernt? Dein Kind hat st\u00e4ndig \u00c4rger mit den Lehrern oder seinen Mitsch\u00fclern? Dein Kind f\u00fchlt sich dumm und falsch und hat kein Selbstvertrauen?<br>Du f\u00fchlst dich hilflos und ohnm\u00e4chtig, denn du wei\u00dft, dass er immer sein Bestes gibt? Dann bist du hier genau richtig!<br><strong><br>F\u00fcr all diese Probleme k\u00f6nnen nicht integrierte fr\u00fchkindliche Reflexe die Ursache sein.<\/strong><\/p>\n<\/div><\/div>\n\n\n\n<div class=\"wp-block-nk-awb nk-awb alignfull\"><div class=\"nk-awb-wrap\" data-awb-type=\"color\"><div class=\"nk-awb-overlay\" style=\"background: #FFFFFF;\"><\/div><\/div><div class=\"nk-awb-wrap-content has-global-padding is-layout-constrained wp-block-awb-is-layout-constrained\">\n<p><strong>Was sind fr\u00fchkindliche Reflexe?<\/strong><br>Unsere ersten Bewegungen im Mutterleib und nach der Geburt werden von fr\u00fchkindlichen Reflexen gesteuert. Sie sind unwillk\u00fcrlich, automatisch und sind gleich bei jedem Menschen. Reflexbewegungen unterst\u00fctzen bereits im Embryonalalter das Wachstum, die Nerven- und Muskelentwicklung und sp\u00e4ter auch den Geburtsvorgang. In den sp\u00e4teren Lebensmonaten sind Reflexe ma\u00dfgeblich am Aufrichtungsprozess beteiligt. Hand in Hand mit den Reflexen entwickeln sich ebenfalls Sehen, H\u00f6ren, F\u00fchlen, Denken, Handeln, Gleichgewicht, Koordination und Wahrnehmung.<\/p>\n\n\n\n<p>Sp\u00e4testens nach dreieinhalb Jahren sollten alle fr\u00fchkindlichen Reflexe bei einem Kind integriert sein, das hei\u00dft Bewegungen werden willentlich ausgef\u00fchrt und sind nicht die Antwort auf \u00e4u\u00dfere Reize wie Licht, Ger\u00e4usche, Kontaktaufnahme, Druck, Schwerkraft usw.<\/p>\n<\/div><\/div>\n\n\n\n<div class=\"wp-block-nk-awb nk-awb alignfull\"><div class=\"nk-awb-wrap\" data-awb-type=\"color\"><div class=\"nk-awb-overlay\" style=\"background: #f4efeb;\"><\/div><\/div><div class=\"nk-awb-wrap-content has-global-padding is-layout-constrained wp-block-awb-is-layout-constrained\">\n<p><strong>Sind alle Reflexe integriert?<\/strong><br>Nicht immer verl\u00e4uft alles nach \u201ePlan\u201c. Ung\u00fcnstige Faktoren wie Stress vor, w\u00e4hrend oder nach der Geburt, k\u00f6nnen den Zentrierungsprozess behindern. Wenn die Reflexe in ihrer Entwicklung gest\u00f6rt wurden, k\u00f6nnen sie im K\u00f6rperged\u00e4chtnis als Stressmuster gespeichert bleiben und die weitere Entwicklung ger\u00e4t ins Stocken \u2013 oft unbemerkt, aber mit sp\u00fcrbaren k\u00f6rperlichen und\/oder emotionalen Folgen.<br><strong>Das ist wie fahren mit angezogener Handbremse!<\/strong><br>Oft erkennt man erst in der Schule, dass noch gestresste fr\u00fchkindliche Reflexbewegungsmuster vorhanden sind.<\/p>\n\n\n\n<p><strong><br>Die gute Nachricht<\/strong>: Hier kann KinFlex\u00ae Abhilfe schaffen.<\/p>\n<\/div><\/div>\n\n\n\n<div class=\"wp-block-nk-awb nk-awb alignfull\"><div class=\"nk-awb-wrap\" data-awb-type=\"color\"><div class=\"nk-awb-overlay\" style=\"background: #ffffff;\"><\/div><\/div><div class=\"nk-awb-wrap-content has-global-padding is-layout-constrained wp-block-awb-is-layout-constrained\">\n<p><strong>Wie erkenne ich gestresste fr\u00fchkindliche Reflexebewegungen?<\/strong><br><\/p>\n\n\n\n<div class=\"wp-block-columns is-layout-flex wp-container-core-columns-is-layout-28f84493 wp-block-columns-is-layout-flex\">\n<div class=\"wp-block-column is-style-default has-custom-color-4-background-color has-background is-layout-flow wp-block-column-is-layout-flow\">\n<p class=\"has-text-align-center\"><br><strong>Gef\u00fchle<\/strong><\/p>\n\n\n\n<p>Dein Kind: <\/p>\n\n\n\n<p>ist impulsiv<\/p>\n\n\n\n<p>ist oft traurig<\/p>\n\n\n\n<p>f\u00fchlt sich ausgegrenzt<\/p>\n\n\n\n<p>f\u00fchlt sich nicht richtig <\/p>\n\n\n\n<p>kann seine Gef\u00fchle und sein Temperament nicht kontrollieren<\/p>\n<\/div>\n\n\n\n<div class=\"wp-block-column has-custom-color-5-background-color has-background is-layout-flow wp-block-column-is-layout-flow\">\n<p class=\"has-text-align-center\"><br><strong>Lernen<\/strong><\/p>\n\n\n\n<p>Dein Kind: <\/p>\n\n\n\n<p>ist leicht ablenkbar<\/p>\n\n\n\n<p>ist oft unstrukturiert<\/p>\n\n\n\n<p>kann sich schlecht fokussieren<\/p>\n\n\n\n<p>liest und schreibt nicht gut<\/p>\n\n\n\n<p>hat eine verkrampfte Stifthaltung<\/p>\n\n\n\n<p>kann sich nicht lange auf eine Sache konzentrieren<\/p>\n\n\n\n<p><\/p>\n<\/div>\n\n\n\n<div class=\"wp-block-column has-accent-5-background-color has-background is-layout-flow wp-block-column-is-layout-flow\">\n<p class=\"has-text-align-center\"><br><strong>Koordination<\/strong><\/p>\n\n\n\n<p>Dein Kind: <\/p>\n\n\n\n<ul class=\"wp-block-list\">\n<li>Ist st\u00e4ndig in Bewegung<\/li>\n\n\n\n<li>ist oft schusselig und ungeschickt<\/li>\n\n\n\n<li>hat eine schlechte Grob- und Feinmotorik<\/li>\n\n\n\n<li>macht staksige Bewegungen<\/li>\n\n\n\n<li>hat eine schlechte Auge-Hand-Koordination<\/li>\n\n\n\n<li>hat eine ungew\u00f6hnliche Sitzhaltung und schlechte Haltung<\/li>\n<\/ul>\n<\/div>\n\n\n\n<div class=\"wp-block-column has-custom-color-4-background-color has-background is-layout-flow wp-block-column-is-layout-flow\">\n<p class=\"has-text-align-center\"><strong>ADHS, ADS; LRS, Dyskalkulie<\/strong><\/p>\n\n\n\n<p>Dein Kind: <\/p>\n\n\n\n<p>zeigt Z\u00fcge von AD(H)S<\/p>\n\n\n\n<p>hat Probleme beim Lesen\/Schreiben und\/oder Rechnen? <\/p>\n<\/div>\n<\/div>\n<\/div><\/div>\n\n\n\n<div class=\"wp-block-nk-awb nk-awb alignfull\"><div class=\"nk-awb-wrap\" data-awb-type=\"color\"><div class=\"nk-awb-overlay\" style=\"background: #f4efeb;\"><\/div><\/div><div class=\"nk-awb-wrap-content has-global-padding is-layout-constrained wp-block-awb-is-layout-constrained\">\n<p>M\u00f6gliche Anzeichen sind vielf\u00e4ltig und werden auf den ersten Blick nicht als Folge der gestresster Reflexbewegungen in Betracht gezogen:<br><br>leicht ablenkbar, mangelnde Impulskontrolle, emotionale und soziale Auff\u00e4lligkeiten, Lern- und Konzentrationsprobleme, Einn\u00e4ssen, Probleme beim Schwimmen lernen, mangelnde Motivation, schlechte Auge-Hand-Koordination, Schwierigkeiten beim Lesen, Schreiben und\/oder Rechnen, Probleme in der K\u00f6rperkoordination, verkrampfte Stifthaltung, Sprachauff\u00e4lligkeiten, kann sich nicht fokussieren, L\u00f6cher in Socken am gro\u00dfen Zeh, schlechte Sitzhaltung, Zehenspitzengang, Probleme in der Grob- und Feinmotorik, m\u00e4\u00dfiger Erfolg bei F\u00f6rderungen oder Therapien, u.v.m.<\/p>\n\n\n\n<p><strong>Die Praxis zeigt, dass 75 % der Kinder mit Lernst\u00f6rungen noch gestresste Reflexbewegungsmuster zeigen!<\/strong><\/p>\n\n\n\n<p><br><strong>Wenn der Reflex das Problem ist, dann ist KinFlex<sup>\u00ae<\/sup> die L\u00f6sung!<\/strong><\/p>\n<\/div><\/div>\n\n\n\n<div class=\"wp-block-nk-awb nk-awb alignfull\"><div class=\"nk-awb-wrap\" data-awb-type=\"color\"><div class=\"nk-awb-overlay\" style=\"background: #FFFFFF;\"><\/div><\/div><div class=\"nk-awb-wrap-content has-global-padding is-layout-constrained wp-block-awb-is-layout-constrained\">\n<p><strong>Was ist KinFlex<sup>\u00ae<\/sup>?<\/strong><br>KinFlex\u00ae ist der Weg zur neuromotorischen Schulreife ohne Medikamente!<br>Mit dem&nbsp;<strong>KinFlex\u00ae Re<\/strong>flextraining&nbsp;werden sowohl k\u00f6rperliche als auch emotionale Symptome entstresst und zentriert.&nbsp;<strong>KinFlex\u00ae<\/strong>&nbsp;kombiniert Kinesiologie, Wahrnehmungs\u00fcbungen, visuell, auditiv und kin\u00e4sthetische Koordination sowie einfache Bewegungs\u00fcbungen zu einem effektiven<br>und schnellen Training, dass erfahrungsgem\u00e4\u00df nicht mehr als ca. vier bis f\u00fcnf Sitzungen ben\u00f6tigt werden, um alle restaktiven Reflexe zu bearbeiten und zu zentrieren. Das System kann auf neuroneuronaler und motorischer Ebene nachreifen und auf das Potenzial besser zugreifen.<\/p>\n\n\n\n<p><br>Es wird eine<strong>&nbsp;BASIS&nbsp;<\/strong>geschaffen, auf welcher s\u00e4mtliche folgenden Therapien optimaler greifen und schneller wirken k\u00f6nnen und manche Symptome sich auch in Wohlgefallen aufl\u00f6sen&nbsp;<br><br>Von KinFlex\u00ae&nbsp;k\u00f6nnen Babys, Kinder, Jugendliche und auch Erwachsene profitieren.<\/p>\n<\/div><\/div>\n\n\n\n<div class=\"wp-block-nk-awb nk-awb alignfull\"><div class=\"nk-awb-wrap\" data-awb-type=\"color\"><div class=\"nk-awb-overlay\" style=\"background: #f4efeb;\"><\/div><\/div><div class=\"nk-awb-wrap-content has-global-padding is-layout-constrained wp-block-awb-is-layout-constrained\">\n<p class=\"has-custom-color-5-background-color has-background\"><strong>Unter welchen Gegebenheiten integriert sich ein Reflex nicht von alleine?<\/strong><br><br><strong>Entweder<\/strong> der Reflex wurde von vornherein <strong>nicht stark genug ausgebildet<\/strong> <strong>oder<\/strong> er wurde <strong>nicht oft genug stimuliert<\/strong>. Sprich, wurde der Reflex nicht oft genug ausgel\u00f6st, konnten sich <strong>die entsprechenden Verkn\u00fcpfungen im Gehirn nicht bilden<\/strong>.Das <strong>Gehirn<\/strong> ist dann <strong>nicht reif genug<\/strong> (<strong>neuronale Reife)<\/strong> und beh\u00e4lt die willk\u00fcrlichen Handlungen bzw. Teile von ihnen in Form von Restmuskelreaktionen bei. Deshalb sagt man auch, dass die Reflexintegration f\u00fcr eine Nachreifen des Gehirns sorgt.<\/p>\n<\/div><\/div>\n\n\n\n<div class=\"wp-block-nk-awb nk-awb alignfull\"><div class=\"nk-awb-wrap\" data-awb-type=\"color\"><div class=\"nk-awb-overlay\" style=\"background: #ffffff;\"><\/div><\/div><div class=\"nk-awb-wrap-content has-global-padding is-layout-constrained wp-block-awb-is-layout-constrained\">\n<p><strong>M\u00f6gliche Ursachen?<\/strong><br><\/p>\n\n\n\n<p><strong>Es gibt zahlreiche Ursachen <\/strong>f\u00fcr noch vorhandene gestresste Reflexbewegungsmuster:<\/p>\n\n\n\n<p><strong>vorgeburtliche Stresssituationen&nbsp;<\/strong>wie z.B. Unf\u00e4lle, Krankheit (psychisch und\/oder physisch), Fruchtwasseruntersuchung, ungewollte Schwangerschaft, Gewalt, Infektionen oder Alkohol-\/ Drogenkonsum\u2026<br><strong>Situationen w\u00e4hrend der Geburt&nbsp;<\/strong>wie z.B. ein Kaiserschnitt, eine Fr\u00fchgeburt oder Saugglocken-\/ Zangengeburt, Einleitung der Geburt, Kind hat sich nicht gedreht, Spontangeburt, Zwillingsgeburt \u2026<br>Auch&nbsp;<strong>danach<\/strong>&nbsp;k\u00f6nnen Trigger jeglicher Art (z.B. Krankenhausaufenthalte, Unf\u00e4lle \u2026) Krankheiten, Infektionen, Maxi Cosy, Babywippen, langes Liegen durch OPs, \u2026 daf\u00fcr verantwortlich sein, dass ein Reflex, der schon zentriert war, wie eine Sicherung wieder \u201erausfliegt\u201c.&nbsp;<br>Da passiert nicht nur bei Kindern, sondern auch bei Erwachsenen.<br><\/p>\n\n\n\n<p><\/p>\n<\/div><\/div>\n\n\n\n<div class=\"wp-block-nk-awb nk-awb alignfull\"><div class=\"nk-awb-wrap\" data-awb-type=\"color\"><div class=\"nk-awb-overlay\" style=\"background: #f4efeb;\"><\/div><\/div><div class=\"nk-awb-wrap-content has-global-padding is-layout-constrained wp-block-awb-is-layout-constrained\">\n<p><strong>Wie erkenne ich gestresste fr\u00fchkindliche Bewegungsmuster im Erwachsenenalter<\/strong>?<br>starre Mundhaltung, n\u00e4chtliches Z\u00e4hneknirschen, Schulter- und Nackenverspannungen, Gleichgewichtsst\u00f6rungen, verkrampfte Handhaltung, Abneigung Texte zu lesen &#038; zu schreiben, geringe k\u00f6rperliche Kraft, R\u00fcckenschmerzen, Reizdarm, Gelenkprobleme, mangelnde Selbstreflexion, Aggressivit\u00e4t, Alltags\u00e4ngste, schnell \u00fcberreizt, schlechter Umgang mit starken Emotionen<\/p>\n<\/div><\/div>\n\n\n\n<div class=\"wp-block-nk-awb nk-awb alignfull\"><div class=\"nk-awb-wrap\" data-awb-type=\"color\"><div class=\"nk-awb-overlay\" style=\"background: #FFFFFF;\"><\/div><\/div><div class=\"nk-awb-wrap-content has-global-padding is-layout-constrained wp-block-awb-is-layout-constrained\">\n<p><strong>Was ist an KinFlex\u00ae so besonders?<\/strong><br><br><strong>KinFlex\u00ae ist:<\/strong><\/p>\n\n\n\n<p><strong>ganzheitlich<\/strong>, da es auf verschiedenen Ebenen arbeitet<br><strong>individuell,&nbsp;<\/strong>da nicht einfach bei allen genau gleich vorgegangen wird, sondern es wird immer abgefragt, was der K\u00f6rper genau braucht und wie viel Zeit er ben\u00f6tigt.<\/p>\n\n\n\n<p>Somit kann ich es schon f\u00fcr Babys anwenden, falls n\u00f6tig.<br><strong>einfach umzusetzen<\/strong>, weil wenige Termine, keine \u00dcbungen f\u00fcr zu Hause, lediglich 2 Schaukel\u00fcbungen<\/p>\n\n\n\n<p><strong>schnell und effektiv,&nbsp;<\/strong>im Vergleich zu anderen Verfahren braucht man wenig Termine, um eine Verbesserung zu beobachten<\/p>\n\n\n\n<p><strong>angenehm und entspannend&nbsp;<\/strong>Viele Klienten empfinden die Bewegungen und \u00dcbungen als sehr angenehm und f\u00fchlen sich nach dem Termin entspannt.<\/p>\n<\/div><\/div>\n\n\n\n<div class=\"wp-block-nk-awb nk-awb alignfull\"><div class=\"nk-awb-wrap\" data-awb-type=\"color\"><div class=\"nk-awb-overlay\" style=\"background: #f4efeb;\"><\/div><\/div><div class=\"nk-awb-wrap-content has-global-padding is-layout-constrained wp-block-awb-is-layout-constrained\">\n<p>Wer hohe T\u00fcrme bauen will, muss lange am Fundament verweilen. (Anton Bruckner)<\/p>\n<\/div><\/div>\n\n\n\n<div class=\"wp-block-nk-awb nk-awb alignfull\"><div class=\"nk-awb-wrap\" data-awb-type=\"color\"><div class=\"nk-awb-overlay\" style=\"background: #ffffff;\"><\/div><\/div><div class=\"nk-awb-wrap-content has-global-padding is-layout-constrained wp-block-awb-is-layout-constrained\">\n<p><strong>Ablauf:<\/strong><br><strong>Auswertung des Fragebogens<\/strong><br>Anhand des Fragebogens l\u00e4sst sich aufzeigen, welche Reflexe bei deinem Kind wahrscheinlich noch aktiv sind und zu welchen Symptomen es f\u00fchrt.<br><br><strong>Harmonisierung der 3 Stressreflexe Mutter <\/strong><br>Da die Stressreflexe FLR; Moro und Bonding der Mutter Auswirkungen auf die Kinder haben, werden diese 3 Reflexe zu Beginn der Therapie zun\u00e4chst bei der Mutter bearbeitet, bevor mit dem Kind gestartet wird.<br><br><strong>Der Check beim Kind<\/strong><br>Hier werden alle Reflexe der Reihe nach durchgetestet und protokolliert, es wird ein individueller Therapieplan entwickelt.<br><br><strong>Das KinFlex Training<\/strong><br>W\u00e4hrend den Sitzungen werden nach festgelegten Abl\u00e4ufen die Reflexe Schritt f\u00fcr Schritt zentriert.<br><br><strong>Telefonischer Support zwischen den Terminen<\/strong><br><br><strong>Eventuelle Blockaden l\u00f6sen<\/strong><br><br><strong>Pers\u00f6nliches Abschlussgespr\u00e4ch<\/strong><br>Zum Schluss sprechen wir gemeinsam \u00fcber die Ver\u00e4nderungen im Alltag deines Kindes und schauen uns nochmal den Fragebogen an, um zu sehen in welchen Bereichen es zu einer weiteren Entwicklung gekommen ist.<br><br><strong>Kontrolltermin<\/strong><br>3 \u2013 6 Monate nach erfolgreicher Zentrierung, treffen wir uns zu einem Kontrolltermin, um zu pr\u00fcfen, ob alle Reflexe weiterhin zentriert sind.<br>\u00e0 etwaige Stresssituation k\u00f6nnen bereits integrierte Reflexe wieder \u201eaktivieren\u201c.<\/p>\n\n\n\n<p><\/p>\n\n\n\n<p><\/p>\n<\/div><\/div>\n\n\n\n<div class=\"wp-block-nk-awb nk-awb alignfull\"><div class=\"nk-awb-wrap\" data-awb-type=\"color\"><div class=\"nk-awb-overlay\" style=\"background: #f4efeb;\"><\/div><\/div><div class=\"nk-awb-wrap-content has-global-padding is-layout-constrained wp-block-awb-is-layout-constrained\">\n<p>Du m\u00f6chtest gerne \u00fcberpr\u00fcfen, ob bei dir oder deinem Kind noch fr\u00fchkindliche Reflexe aktiv sind? Dann lade dir den Fragebogen herunter. F\u00fclle ihn aus und schicke ihn mir per Email zu. Bei mindestes 5 JA-Antworten lohnt es sich, einen Termin zu vereinbaren. <\/p>\n<\/div><\/div>\n\n\n\n<div class=\"wp-block-nk-awb nk-awb alignfull\"><div class=\"nk-awb-wrap\" data-awb-type=\"color\"><div class=\"nk-awb-overlay\" style=\"background: #ffffff;\"><\/div><\/div><div class=\"nk-awb-wrap-content has-global-padding is-layout-constrained wp-block-awb-is-layout-constrained\">\n<p><strong>Deine Investition f\u00fcr mehr Leichtigkeit in deiner Familie!<\/strong><br><br><strong>KinFlex\u00ae Reflextraining f\u00fcr Kinder und Erwachsene:<\/strong> <strong>799\u20ac als Gesamtpaket<\/strong><br><\/p>\n\n\n\n<p>KinFlex\u00ae wird als Paket angeboten, weil der Erfolg am gr\u00f6\u00dften ist, wenn alle gestressten fr\u00fchkindlichen Bewegungsmuster behandelt werden.  <br><\/p>\n\n\n\n<p><strong>Das Gesamtpaket beinhaltet:<\/strong><\/p>\n\n\n\n<ol class=\"wp-block-list\">\n<li>Auswertung des Fragebogens<\/li>\n\n\n\n<li>Ermittlung und Bearbeitung der gestressten fr\u00fchkindlichen Bewegungsmuster<\/li>\n\n\n\n<li>telefonischer Support zwischen den Sitzungen (wenn ben\u00f6tigt)<\/li>\n\n\n\n<li>Mein Wissen aus dem systemischen Coaching<\/li>\n\n\n\n<li>Abschlussgespr\u00e4ch<\/li>\n\n\n\n<li>Kontrolltermin nach sp\u00e4testens 6 Monaten<\/li>\n\n\n\n<li><strong>Bonus:<\/strong>&nbsp;Entstressung der Stress-Schutz- und Bondingreflexe eines Elternteils<\/li>\n\n\n\n<li>in der Regel max. 6 Termine<br><\/li>\n<\/ol>\n\n\n\n<p>Du hast mehrere Kinder, f\u00fcr welche die Therapie in Frage kommt?<\/p>\n\n\n\n<p>Dann profitiere hier von meinem 25% Geschwisterrabatt!<\/p>\n<\/div><\/div>\n\n\n\n<div class=\"wp-block-nk-awb nk-awb alignfull\"><div class=\"nk-awb-wrap\" data-awb-type=\"color\"><div class=\"nk-awb-overlay\" style=\"background: #f4efeb;\"><\/div><\/div><div class=\"nk-awb-wrap-content has-global-padding is-layout-constrained wp-block-awb-is-layout-constrained\">\n<p><strong>Methode: <\/strong><br>Die Entstressung und Zentrierung der fr\u00fchkindlichen Reflexe\u202fvereint verschiedene wirkungsvolle Behandlungsformen und baut sich auf drei S\u00e4ulen auf: kinesiologische Korrekturen, aktive und passive isometrische Bewegungen in Kombination mit bilateraler Hemisph\u00e4ren-Stimulation und Wahrnehmungs\u00fcbungen, um im Unterbewusstsein Blockaden zu l\u00f6sen.<br>Der Fokus von KinFlex\u00ae liegt darauf, die Selbstheilungskr\u00e4fte zu aktivieren, das K\u00f6rpersystem ins Gleichgewicht zu bringen und stressbedingte Reflexbewegungsmuster zu l\u00f6sen, um ein verbessertes K\u00f6rpergef\u00fchl zu f\u00f6rdern. Dadurch kann KinFlex\u00ae in vielen allt\u00e4glichen Situationen \u2013 sei es in Schule, Beruf oder im sozialen Umfeld \u2013 zu sp\u00fcrbarer Erleichterung beitragen.<\/p>\n<\/div><\/div>\n\n\n\n<div class=\"wp-block-media-text is-stacked-on-mobile\"><figure class=\"wp-block-media-text__media\"><video controls src=\"http:\/\/heidi-aichinger.at\/wp-content\/uploads\/2025\/08\/KinFlex-Film-Oesterreich-klein.mp4\"><\/video><\/figure><div class=\"wp-block-media-text__content\">\n<p>Erk\u00e4rungsfilm Kinflex<\/p>\n<\/div><\/div>\n\n\n\n<p><br><\/p>\n\n\n\n<p><br><\/p>\n\n\n\n<p>Fragebogen Kind<br>Fragebogen Erwachsene<\/p>\n\n\n\n<p><\/p>\n\n\n\n<figure class=\"wp-block-gallery has-nested-images columns-default is-cropped wp-block-gallery-1 is-layout-flex wp-block-gallery-is-layout-flex\"><\/figure>\n\n\n","protected":false},"excerpt":{"rendered":"<p>F\u00fcr mehr Leichtigkeit im Alltag, beim Lernen und Leben! Erk\u00e4rungsfilm Kinflex Fragebogen KindFragebogen Erwachsene<\/p>\n","protected":false},"author":1,"featured_media":0,"parent":0,"menu_order":0,"comment_status":"closed","ping_status":"closed","template":"","meta":{"footnotes":""},"class_list":["post-351","page","type-page","status-publish","hentry"],"_links":{"self":[{"href":"https:\/\/heidi-aichinger.at\/index.php?rest_route=\/wp\/v2\/pages\/351","targetHints":{"allow":["GET"]}}],"collection":[{"href":"https:\/\/heidi-aichinger.at\/index.php?rest_route=\/wp\/v2\/pages"}],"about":[{"href":"https:\/\/heidi-aichinger.at\/index.php?rest_route=\/wp\/v2\/types\/page"}],"author":[{"embeddable":true,"href":"https:\/\/heidi-aichinger.at\/index.php?rest_route=\/wp\/v2\/users\/1"}],"replies":[{"embeddable":true,"href":"https:\/\/heidi-aichinger.at\/index.php?rest_route=%2Fwp%2Fv2%2Fcomments&post=351"}],"version-history":[{"count":193,"href":"https:\/\/heidi-aichinger.at\/index.php?rest_route=\/wp\/v2\/pages\/351\/revisions"}],"predecessor-version":[{"id":934,"href":"https:\/\/heidi-aichinger.at\/index.php?rest_route=\/wp\/v2\/pages\/351\/revisions\/934"}],"wp:attachment":[{"href":"https:\/\/heidi-aichinger.at\/index.php?rest_route=%2Fwp%2Fv2%2Fmedia&parent=351"}],"curies":[{"name":"wp","href":"https:\/\/api.w.org\/{rel}","templated":true}]}}