{"id":2,"date":"2016-05-10T03:48:21","date_gmt":"2016-05-10T03:48:21","guid":{"rendered":"http:\/\/heidi-aichinger.at\/?page_id=2"},"modified":"2025-08-27T14:36:34","modified_gmt":"2025-08-27T14:36:34","slug":"sample-page","status":"publish","type":"page","link":"https:\/\/heidi-aichinger.at\/","title":{"rendered":"Startseite"},"content":{"rendered":"\n<div class=\"wp-block-nk-awb nk-awb alignfull\"><div class=\"nk-awb-wrap\" data-awb-type=\"color\"><div class=\"nk-awb-overlay\" style=\"background: #d8c7bd;\"><\/div><\/div><div class=\"nk-awb-wrap-content has-global-padding is-layout-constrained wp-block-awb-is-layout-constrained\">\n<h2 class=\"wp-block-heading has-text-align-center has-comfortaa-font-family\" id=\"coaching\"><br><br><\/h2>\n<\/div><\/div>\n\n\n\n<div class=\"wp-block-nk-awb nk-awb alignfull has-quicksand-font-family\"><div class=\"nk-awb-wrap\" data-awb-type=\"color\"><div class=\"nk-awb-overlay\" style=\"background: #ffffff;\"><\/div><\/div><div class=\"nk-awb-wrap-content has-global-padding is-layout-constrained wp-block-awb-is-layout-constrained\">\n<p class=\"has-text-align-center has-ysabeau-office-font-family has-xx-large-font-size\"><strong>Das Leben darf leicht sein!<\/strong><\/p>\n<\/div><\/div>\n\n\n\n<div class=\"wp-block-nk-awb nk-awb alignfull\"><div class=\"nk-awb-wrap\" data-awb-type=\"color\"><div class=\"nk-awb-overlay\" style=\"background: #f4efeb;\"><\/div><\/div><div class=\"nk-awb-wrap-content has-global-padding is-layout-constrained wp-block-awb-is-layout-constrained\">\n<ul class=\"wp-block-list\">\n<li><\/li>\n<\/ul>\n<\/div><\/div>\n\n\n\n<div class=\"wp-block-columns alignwide is-layout-flex wp-container-core-columns-is-layout-28f84493 wp-block-columns-is-layout-flex\">\n<div class=\"wp-block-column is-style-default is-layout-flow wp-block-column-is-layout-flow\">\n<p class=\"has-x-large-font-size\"><br><strong>Der Weg in die Leichtigkeit<\/strong><\/p>\n\n\n\n<p><\/p>\n\n\n\n<p><\/p>\n\n\n\n<p>Der Alltag mit Kindern kann manchmal herausfordernd sein: Lernschwierigkeiten, Konflikte oder emotionale Blockaden belasten die ganze Familie. <\/p>\n\n\n\n<p><\/p>\n\n\n\n<p>Als erfahrene Expertin f\u00fcr Reflexintegration und Coaching begleite ich dich dabei, die Ursachen hinter Herausforderungen zu erkennen, Blockaden zu l\u00f6sen und mehr Leichtigkeit, Freude und Verbindung in dein Familienleben zu bringen.<\/p>\n\n\n\n<p><\/p>\n\n\n\n<p><br><\/p>\n\n\n\n<p><strong>Du willst Ver\u00e4nderungen sp\u00fcren?<\/strong><br><strong>Nimm Kontakt auf<\/strong> oder <strong>vereinbare einen Termin<\/strong> \u2013 gemeinsam finden wir Wege zu mehr Leichtigkeit.<\/p>\n\n\n\n<div style=\"height:24px\" aria-hidden=\"true\" class=\"wp-block-spacer\"><\/div>\n\n\n\n<div class=\"wp-block-buttons is-content-justification-left is-layout-flex wp-container-core-buttons-is-layout-fc4fd283 wp-block-buttons-is-layout-flex\">\n<div class=\"wp-block-button\"><a class=\"wp-block-button__link has-contrast-color has-custom-color-7-background-color has-text-color has-background has-link-color has-custom-font-size wp-element-button\" href=\"https:\/\/heidi-aichinger.at\/?page_id=357\" style=\"font-size:clamp(1.017rem, 1.017rem + ((1vw - 0.2rem) * 0.852), 1.56rem);\"><strong>Jetzt Termin vereinbaren<\/strong><\/a><\/div>\n<\/div>\n<\/div>\n\n\n\n<div class=\"wp-block-column is-layout-flow wp-block-column-is-layout-flow\">\n<figure class=\"wp-block-image aligncenter size-large is-resized has-custom-border\" style=\"margin-top:var(--wp--preset--spacing--40);margin-bottom:var(--wp--preset--spacing--40)\"><img loading=\"lazy\" decoding=\"async\" width=\"744\" height=\"1024\" src=\"http:\/\/heidi-aichinger.at\/wp-content\/uploads\/2025\/08\/Heidi-Foto-IPE-744x1024.jpg\" alt=\"\" class=\"has-border-color has-contrast-border-color wp-image-651\" style=\"border-width:1px;width:367px;height:auto\" srcset=\"https:\/\/heidi-aichinger.at\/wp-content\/uploads\/2025\/08\/Heidi-Foto-IPE-744x1024.jpg 744w, https:\/\/heidi-aichinger.at\/wp-content\/uploads\/2025\/08\/Heidi-Foto-IPE-218x300.jpg 218w, https:\/\/heidi-aichinger.at\/wp-content\/uploads\/2025\/08\/Heidi-Foto-IPE-768x1056.jpg 768w, https:\/\/heidi-aichinger.at\/wp-content\/uploads\/2025\/08\/Heidi-Foto-IPE-1117x1536.jpg 1117w, https:\/\/heidi-aichinger.at\/wp-content\/uploads\/2025\/08\/Heidi-Foto-IPE-500x688.jpg 500w, https:\/\/heidi-aichinger.at\/wp-content\/uploads\/2025\/08\/Heidi-Foto-IPE-800x1100.jpg 800w, https:\/\/heidi-aichinger.at\/wp-content\/uploads\/2025\/08\/Heidi-Foto-IPE-1280x1761.jpg 1280w, https:\/\/heidi-aichinger.at\/wp-content\/uploads\/2025\/08\/Heidi-Foto-IPE.jpg 1406w\" sizes=\"auto, (max-width: 744px) 100vw, 744px\" \/><\/figure>\n<\/div>\n<\/div>\n\n\n\n<p><br><\/p>\n\n\n\n<div class=\"wp-block-columns alignwide is-layout-flex wp-container-core-columns-is-layout-28f84493 wp-block-columns-is-layout-flex\">\n<div class=\"wp-block-column is-layout-flow wp-block-column-is-layout-flow\">\n<p class=\"has-custom-color-5-background-color has-background\"><strong>Kinflex<\/strong><br>Sanfte Entstres\u00adsung von K\u00f6rper und Gehirn, unterst\u00fctzt Nachreifung und l\u00f6st emotionale sowie k\u00f6rperliche Blockaden. Besonders wirksam bei Schul- und Verhaltensproblemen<\/p>\n<\/div>\n\n\n\n<div class=\"wp-block-column has-custom-color-4-background-color has-background is-layout-flow wp-block-column-is-layout-flow\">\n<p class=\"has-text-align-left has-custom-color-4-background-color has-background has-large-font-size\"><strong>Libra<\/strong><br>&#8211; ist ein einzigartiges, ganzheitliches Bewegungsprogramm zur F\u00f6rderung innerer Balance. Durch speziell<\/p>\n<\/div>\n\n\n\n<div class=\"wp-block-column is-layout-flow wp-block-column-is-layout-flow\">\n<p class=\"has-custom-color-9-background-color has-background\"><strong>Systemische Aufstellung<\/strong><br>Familien werden als miteinander verbundene Systeme betrachtet. Ungleichgewichte werden sichtbar und k\u00f6nnen positiv ver\u00e4ndert werden, sodass <strong>alle Familienmitglieder profitieren<\/strong>.<\/p>\n<\/div>\n<\/div>\n\n\n\n<div style=\"height:62px\" aria-hidden=\"true\" class=\"wp-block-spacer\"><\/div>\n\n\n\n<div class=\"wp-block-nk-awb nk-awb alignfull has-custom-color-4-color has-text-color has-link-color wp-elements-4405d5ab4bc815025c50c69b0edfdd79\"><div class=\"nk-awb-wrap\" data-awb-type=\"color\"><div class=\"nk-awb-overlay\" style=\"background: #d8c7bd;\"><\/div><\/div><div class=\"nk-awb-wrap-content has-global-padding is-layout-constrained wp-container-nk-awb-is-layout-7a3688e9 wp-block-awb-is-layout-constrained\">\n<div class=\"wp-block-nk-awb nk-awb ueber_heidi\"><div class=\"nk-awb-wrap\" data-awb-type=\"color\"><div class=\"nk-awb-overlay\" style=\"background: #ffffff;\"><\/div><\/div><div class=\"nk-awb-wrap-content has-global-padding is-layout-constrained wp-container-nk-awb-is-layout-4e001a54 wp-block-awb-is-layout-constrained\">\n<div class=\"wp-block-nk-awb nk-awb ueber_heidi_bg\"><div class=\"nk-awb-wrap\" data-awb-type=\"color\"><div class=\"nk-awb-overlay\" style=\"background: #486573;\"><\/div><\/div><div class=\"nk-awb-wrap-content has-global-padding is-layout-constrained wp-block-awb-is-layout-constrained\">\n<p class=\"has-base-color has-text-color has-link-color wp-elements-e01c4f9685455241290c6147d19f849f\" style=\"font-size:clamp(1.667rem, 1.667rem + ((1vw - 0.2rem) * 1.84), 2.84rem);\">\u00dcber Heidi<\/p>\n\n\n\n<p class=\"has-base-color has-text-color has-link-color wp-elements-4e9b23415ebef62896af9082e8b3ee03\" style=\"font-size:clamp(1.06rem, 1.06rem + ((1vw - 0.2rem) * 0.91), 1.64rem);\">Zertifizierte Reflexintegrations- und <br>Coaching-Expertin<\/p>\n<\/div><\/div>\n\n\n\n<div class=\"wp-block-columns is-layout-flex wp-container-core-columns-is-layout-28f84493 wp-block-columns-is-layout-flex\">\n<div class=\"wp-block-column is-layout-flow wp-block-column-is-layout-flow\">\n<div style=\"height:42px\" aria-hidden=\"true\" class=\"wp-block-spacer\"><\/div>\n\n\n\n<div class=\"wp-block-group has-global-padding is-layout-constrained wp-block-group-is-layout-constrained\">\n<div class=\"wp-block-group has-global-padding is-layout-constrained wp-block-group-is-layout-constrained\">\n<p class=\"has-custom-color-7-color has-text-color has-link-color wp-elements-c0941d7478ba40308cb8190a11ef3bdb\">Heidi Aichinger bietet ganzheitliche Reflexintegrations- und Coaching- Dienstleistungen an, um Menschen dabei zu helfen, ihre k\u00f6rperliche und geistige Gesundheit zu verbessern. Als erfahrene Expertin in Familienaufstellungen kann sie auch dabei helfen, famili\u00e4re Probleme zu l\u00f6sen. Kontaktieren Sie sie noch heute, um mehr \u00fcber ihre Dienstleistungen zu erfahren.<br><\/p>\n<\/div>\n<\/div>\n\n\n\n<div style=\"height:44px\" aria-hidden=\"true\" class=\"wp-block-spacer\"><\/div>\n\n\n\n<div class=\"wp-block-buttons is-layout-flex wp-block-buttons-is-layout-flex\">\n<div class=\"wp-block-button\"><a class=\"wp-block-button__link wp-element-button\">Mehr lesen<\/a><\/div>\n<\/div>\n<\/div>\n\n\n\n<div class=\"wp-block-column is-layout-flow wp-block-column-is-layout-flow\">\n<div class=\"wp-block-group is-vertical is-layout-flex wp-container-core-group-is-layout-fe9cc265 wp-block-group-is-layout-flex\">\n<figure class=\"wp-block-image size-large ueber_heidi_img\"><img loading=\"lazy\" decoding=\"async\" width=\"744\" height=\"1024\" src=\"http:\/\/heidi-aichinger.at\/wp-content\/uploads\/2025\/08\/Heidi-Foto-IPE-744x1024.jpg\" alt=\"\" class=\"wp-image-651\" title=\"\" srcset=\"https:\/\/heidi-aichinger.at\/wp-content\/uploads\/2025\/08\/Heidi-Foto-IPE-744x1024.jpg 744w, https:\/\/heidi-aichinger.at\/wp-content\/uploads\/2025\/08\/Heidi-Foto-IPE-218x300.jpg 218w, https:\/\/heidi-aichinger.at\/wp-content\/uploads\/2025\/08\/Heidi-Foto-IPE-768x1056.jpg 768w, https:\/\/heidi-aichinger.at\/wp-content\/uploads\/2025\/08\/Heidi-Foto-IPE-1117x1536.jpg 1117w, https:\/\/heidi-aichinger.at\/wp-content\/uploads\/2025\/08\/Heidi-Foto-IPE-500x688.jpg 500w, https:\/\/heidi-aichinger.at\/wp-content\/uploads\/2025\/08\/Heidi-Foto-IPE-800x1100.jpg 800w, https:\/\/heidi-aichinger.at\/wp-content\/uploads\/2025\/08\/Heidi-Foto-IPE-1280x1761.jpg 1280w, https:\/\/heidi-aichinger.at\/wp-content\/uploads\/2025\/08\/Heidi-Foto-IPE.jpg 1406w\" sizes=\"auto, (max-width: 744px) 100vw, 744px\" \/><\/figure>\n<\/div>\n\n\n\n<div class=\"wp-block-nk-awb nk-awb has-global-padding is-layout-constrained wp-container-nk-awb-is-layout-19e250f3 wp-block-awb-is-layout-constrained\" style=\"border-style:none;border-width:0px\"><div class=\"nk-awb-wrap\" data-awb-type=\"color\"><div class=\"nk-awb-overlay\" style=\"background: #d8c7bd;\"><\/div><\/div><div class=\"nk-awb-wrap-content\"><\/div><\/div>\n<\/div>\n<\/div>\n<\/div><\/div>\n<\/div><\/div>\n\n\n\n<p><\/p>\n","protected":false},"excerpt":{"rendered":"<p>Der Weg in die Leichtigkeit Der Alltag mit Kindern kann manchmal herausfordernd sein: Lernschwierigkeiten, Konflikte oder emotionale Blockaden belasten die ganze Familie. Als erfahrene Expertin f\u00fcr Reflexintegration und Coaching begleite ich dich dabei, die Ursachen hinter Herausforderungen zu erkennen, Blockaden zu l\u00f6sen und mehr Leichtigkeit, Freude und Verbindung in dein Familienleben zu bringen. Du willst [&hellip;]<\/p>\n","protected":false},"author":1,"featured_media":0,"parent":0,"menu_order":0,"comment_status":"closed","ping_status":"open","template":"","meta":{"footnotes":""},"class_list":["post-2","page","type-page","status-publish","hentry"],"_links":{"self":[{"href":"https:\/\/heidi-aichinger.at\/index.php?rest_route=\/wp\/v2\/pages\/2","targetHints":{"allow":["GET"]}}],"collection":[{"href":"https:\/\/heidi-aichinger.at\/index.php?rest_route=\/wp\/v2\/pages"}],"about":[{"href":"https:\/\/heidi-aichinger.at\/index.php?rest_route=\/wp\/v2\/types\/page"}],"author":[{"embeddable":true,"href":"https:\/\/heidi-aichinger.at\/index.php?rest_route=\/wp\/v2\/users\/1"}],"replies":[{"embeddable":true,"href":"https:\/\/heidi-aichinger.at\/index.php?rest_route=%2Fwp%2Fv2%2Fcomments&post=2"}],"version-history":[{"count":124,"href":"https:\/\/heidi-aichinger.at\/index.php?rest_route=\/wp\/v2\/pages\/2\/revisions"}],"predecessor-version":[{"id":946,"href":"https:\/\/heidi-aichinger.at\/index.php?rest_route=\/wp\/v2\/pages\/2\/revisions\/946"}],"wp:attachment":[{"href":"https:\/\/heidi-aichinger.at\/index.php?rest_route=%2Fwp%2Fv2%2Fmedia&parent=2"}],"curies":[{"name":"wp","href":"https:\/\/api.w.org\/{rel}","templated":true}]}}