{"id":198,"date":"2025-08-05T08:16:50","date_gmt":"2025-08-05T08:16:50","guid":{"rendered":"https:\/\/heidi-aichinger.at\/?page_id=198"},"modified":"2025-11-13T19:12:34","modified_gmt":"2025-11-13T19:12:34","slug":"coaching","status":"publish","type":"page","link":"https:\/\/heidi-aichinger.at\/?page_id=198","title":{"rendered":"Coaching"},"content":{"rendered":"\n<div class=\"wp-block-cover alignfull is-light\" style=\"min-height:244px;aspect-ratio:unset;\"><img loading=\"lazy\" decoding=\"async\" width=\"1024\" height=\"682\" class=\"wp-block-cover__image-background wp-image-748 size-large\" alt=\"\" src=\"http:\/\/heidi-aichinger.at\/wp-content\/uploads\/2025\/08\/decoration-4331551_1280-1024x682.jpg\" style=\"object-position:49% 37%\" data-object-fit=\"cover\" data-object-position=\"49% 37%\" srcset=\"https:\/\/heidi-aichinger.at\/wp-content\/uploads\/2025\/08\/decoration-4331551_1280-1024x682.jpg 1024w, https:\/\/heidi-aichinger.at\/wp-content\/uploads\/2025\/08\/decoration-4331551_1280-300x200.jpg 300w, https:\/\/heidi-aichinger.at\/wp-content\/uploads\/2025\/08\/decoration-4331551_1280-768x512.jpg 768w, https:\/\/heidi-aichinger.at\/wp-content\/uploads\/2025\/08\/decoration-4331551_1280-500x333.jpg 500w, https:\/\/heidi-aichinger.at\/wp-content\/uploads\/2025\/08\/decoration-4331551_1280-800x533.jpg 800w, https:\/\/heidi-aichinger.at\/wp-content\/uploads\/2025\/08\/decoration-4331551_1280.jpg 1280w\" sizes=\"auto, (max-width: 1024px) 100vw, 1024px\" \/><span aria-hidden=\"true\" class=\"wp-block-cover__background has-background-dim-0 has-background-dim\" style=\"background-color:#9e9b94\"><\/span><div class=\"wp-block-cover__inner-container is-layout-flow wp-block-cover-is-layout-flow\">\n<p class=\"has-text-align-right has-custom-color-3-color has-text-color has-link-color has-x-large-font-size wp-elements-1ba35803e75498dd1800ed076ea8687c\"><strong>Systemische Familienaufstellung<\/strong><\/p>\n\n\n\n<p class=\"has-text-align-right has-base-color has-text-color has-link-color has-x-large-font-size wp-elements-2cbec166a21d71cdfc0c58a25827c075\"><\/p>\n<\/div><\/div>\n\n\n\n<div class=\"wp-block-columns alignfull is-layout-flex wp-container-core-columns-is-layout-28f84493 wp-block-columns-is-layout-flex\">\n<div class=\"wp-block-column is-layout-flow wp-block-column-is-layout-flow\">\n<div class=\"wp-block-group has-global-padding is-layout-constrained wp-block-group-is-layout-constrained\">\n<p><\/p>\n\n\n\n<p class=\"has-text-align-left has-comfortaa-font-family\"><\/p>\n<\/div>\n\n\n\n<p class=\"has-text-align-center has-custom-color-5-background-color has-background\">&#8222;Um klar zu sehen, gen\u00fcgt oft ein Wechsel der Blickrichtung.&#8220; (Antoine de Saint-Exup\u00e9ry)<\/p>\n<\/div>\n<\/div>\n\n\n\n<div class=\"wp-block-columns alignfull is-layout-flex wp-container-core-columns-is-layout-28f84493 wp-block-columns-is-layout-flex\">\n<div class=\"wp-block-column is-layout-flow wp-block-column-is-layout-flow\">\n<div class=\"wp-block-columns is-layout-flex wp-container-core-columns-is-layout-28f84493 wp-block-columns-is-layout-flex\">\n<div class=\"wp-block-column is-layout-flow wp-block-column-is-layout-flow\" style=\"flex-basis:100%\"><\/div>\n<\/div>\n\n\n\n<p>Systemische Familienordnung, f\u00fcr alle, die wieder ins Gleichgewicht kommen wollen. <\/p>\n\n\n\n<p><\/p>\n\n\n\n<p>Wir Menschen sind immer Teil eines Systems und miteinander verbunden. \u00c4ndert sich ein Teil, so \u00e4ndert sich alles. <br><\/p>\n<\/div>\n<\/div>\n\n\n\n<div class=\"wp-block-columns alignfull has-custom-color-5-background-color has-background is-layout-flex wp-container-core-columns-is-layout-28f84493 wp-block-columns-is-layout-flex\">\n<div class=\"wp-block-column has-custom-color-5-background-color has-background is-layout-flow wp-block-column-is-layout-flow\" style=\"flex-basis:33.33%\">\n<div class=\"wp-block-cover is-light\"><img loading=\"lazy\" decoding=\"async\" width=\"1024\" height=\"683\" class=\"wp-block-cover__image-background wp-image-532 size-large\" alt=\"\" src=\"http:\/\/heidi-aichinger.at\/wp-content\/uploads\/2025\/08\/elephants-7533472_1920-1024x683.jpg\" data-object-fit=\"cover\" srcset=\"https:\/\/heidi-aichinger.at\/wp-content\/uploads\/2025\/08\/elephants-7533472_1920-1024x683.jpg 1024w, https:\/\/heidi-aichinger.at\/wp-content\/uploads\/2025\/08\/elephants-7533472_1920-300x200.jpg 300w, https:\/\/heidi-aichinger.at\/wp-content\/uploads\/2025\/08\/elephants-7533472_1920-768x512.jpg 768w, https:\/\/heidi-aichinger.at\/wp-content\/uploads\/2025\/08\/elephants-7533472_1920-1536x1024.jpg 1536w, https:\/\/heidi-aichinger.at\/wp-content\/uploads\/2025\/08\/elephants-7533472_1920-500x333.jpg 500w, https:\/\/heidi-aichinger.at\/wp-content\/uploads\/2025\/08\/elephants-7533472_1920-800x533.jpg 800w, https:\/\/heidi-aichinger.at\/wp-content\/uploads\/2025\/08\/elephants-7533472_1920-1280x853.jpg 1280w, https:\/\/heidi-aichinger.at\/wp-content\/uploads\/2025\/08\/elephants-7533472_1920.jpg 1920w\" sizes=\"auto, (max-width: 1024px) 100vw, 1024px\" \/><span aria-hidden=\"true\" class=\"wp-block-cover__background has-custom-color-5-background-color has-background-dim-40 has-background-dim\"><\/span><div class=\"wp-block-cover__inner-container is-layout-flow wp-block-cover-is-layout-flow\">\n<p><\/p>\n<\/div><\/div>\n<\/div>\n\n\n\n<div class=\"wp-block-column is-vertically-aligned-center is-layout-flow wp-block-column-is-layout-flow\" style=\"flex-basis:66.66%\">\n<p><strong>Systemische Familienaufstellung<\/strong><br>Die Familienaufstellung ist eine anerkannte Methode aus der systemischen Familientherapie. Sie ist eine sehr effektive, l\u00f6sungsorientierte Arbeitsweise, bei der Beziehungszusammenh\u00e4nge durch die Visualisierung der Familienstruktur schnell sichtbar gemacht und zum Positiven ver\u00e4ndert werden kann \u2013 f\u00fcr Kinder wie f\u00fcr Erwachsene. Das Aufdecken verborgener Muster, Konflikte und ungesunden Dynamiken erm\u00f6glicht mehr Verst\u00e4ndnis und Harmonie in der Familie. <br><br>Bei Problematiken in der Familie bzw. bei problematischem Verhalten des Kindes lohnt es sich, sich das gesamte Familiensystem (Herkunfts- und Gegenwartsfamilie) anzuschauen.<\/p>\n<\/div>\n<\/div>\n\n\n\n<div class=\"wp-block-columns alignfull are-vertically-aligned-center has-accent-5-color has-custom-color-9-background-color has-text-color has-background has-link-color wp-elements-485f1202dc4505b586d30d5edeb433de is-layout-flex wp-container-core-columns-is-layout-28f84493 wp-block-columns-is-layout-flex\">\n<div class=\"wp-block-column is-vertically-aligned-center is-layout-flow wp-block-column-is-layout-flow\" style=\"flex-basis:66.66%\">\n<div class=\"wp-block-columns are-vertically-aligned-center is-layout-flex wp-container-core-columns-is-layout-28f84493 wp-block-columns-is-layout-flex\">\n<div class=\"wp-block-column is-vertically-aligned-center is-layout-flow wp-block-column-is-layout-flow\" style=\"flex-basis:100%\">\n<figure class=\"wp-block-table\"><table class=\"has-fixed-layout\" style=\"border-style:none;border-width:0px\"><tbody><tr><td><strong><br>Woran erkenne ich, dass in meinem System etwas nicht stimmt? <\/strong><br><\/td><\/tr><\/tbody><\/table><\/figure>\n\n\n\n<div class=\"wp-block-columns is-layout-flex wp-container-core-columns-is-layout-28f84493 wp-block-columns-is-layout-flex\">\n<div class=\"wp-block-column is-layout-flow wp-block-column-is-layout-flow\">\n<p><strong>Beim Kind<\/strong><br>-streitet st\u00e4ndig<br>-ist oft w\u00fctend<br>-wird gemobbt<br>-ist verhaltensauff\u00e4llig<br>&#8211; hat Angst<br>&#8211; will alles perfekt machen<br>&#8211; kommt nicht zur Ruhe<br><\/p>\n<\/div>\n\n\n\n<div class=\"wp-block-column is-layout-flow wp-block-column-is-layout-flow\">\n<p><strong>Beim Erwachsenen<\/strong><br>&#8211; lebt mit angezogener Handbremse<\/p>\n\n\n\n<p>&#8211; ist immer auf der Suche<\/p>\n\n\n\n<p>&#8211; schlechter Umgang mit Verlust \/ Trennung<\/p>\n\n\n\n<p>&#8211; tut alles, um nicht alleine zu sein<\/p>\n\n\n\n<p>-f\u00fchlt sich schnell und f\u00fcr vieles schuldig<\/p>\n\n\n\n<p>&#8211; opfert sich&nbsp;<\/p>\n<\/div>\n\n\n\n<div class=\"wp-block-column is-layout-flow wp-block-column-is-layout-flow\">\n<p><strong>In der Partnerschaft<\/strong><br>&#8211; sehr eifers\u00fcchtig<\/p>\n\n\n\n<p>&#8211; beansprucht den Partner mit Haut und Haaren<\/p>\n\n\n\n<p><em>aber auch<\/em><\/p>\n\n\n\n<p>&#8211; kann schwer Bindungen eingehen<\/p>\n\n\n\n<p>&#8211; Panik vor N\u00e4he<\/p>\n\n\n\n<p>&#8211; Partner auf Abstand<br><\/p>\n<\/div>\n\n\n\n<div class=\"wp-block-column is-layout-flow wp-block-column-is-layout-flow\">\n<p><strong>In der Familie<\/strong><br>&#8211; Kinder bestimmen das Familienleben<\/p>\n\n\n\n<p>&#8211; Kinder \u00fcbernehmen Verantwortung f\u00fcr Geschwister<\/p>\n\n\n\n<p>&#8211; Kinder \u00fcbernehmen Aufgaben von Eltern<\/p>\n\n\n\n<p>&#8211; Kinder m\u00fcssen sich um die Eltern k\u00fcmmern<\/p>\n\n\n\n<p>&#8211; Eltern werden nicht als diese respektiert<\/p>\n<\/div>\n<\/div>\n\n\n\n<div class=\"wp-block-columns is-layout-flex wp-container-core-columns-is-layout-28f84493 wp-block-columns-is-layout-flex\">\n<div class=\"wp-block-column is-layout-flow wp-block-column-is-layout-flow\">\n<p><\/p>\n<\/div>\n<\/div>\n\n\n\n<p><\/p>\n<\/div>\n<\/div>\n<\/div>\n<\/div>\n\n\n\n<p><\/p>\n\n\n\n<div class=\"wp-block-columns alignwide is-layout-flex wp-container-core-columns-is-layout-28f84493 wp-block-columns-is-layout-flex\">\n<div class=\"wp-block-column is-layout-flow wp-block-column-is-layout-flow\">\n<p><strong>Die Herkunftsfamilie<\/strong><br>Die Herkunftsfamilie spielt eine zentrale Rolle in den systemischen Dynamiken, da sie die ersten Beziehungen und Muster pr\u00e4gt, die wir im Leben entwickeln. In einer Herkunftsfamilie entstehen oft bestimmte Loyalit\u00e4ten, unbewusste \u00dcbertragungen und wiederkehrende Verhaltensmuster, die das weitere Leben beeinflussen k\u00f6nnen. Diese Dynamiken k\u00f6nnen beispielsweise Konflikte, Geheimnisse oder unausgesprochene Erwartungen umfassen, die sich auf die einzelnen Familienmitglieder auswirken.<\/p>\n<\/div>\n\n\n\n<div class=\"wp-block-column is-layout-flow wp-block-column-is-layout-flow\">\n<figure class=\"wp-block-gallery has-nested-images columns-default is-cropped wp-block-gallery-1 is-layout-flex wp-block-gallery-is-layout-flex\">\n<figure class=\"wp-block-image size-full\"><img decoding=\"async\" data-id=\"957\" src=\"https:\/\/heidi-aichinger.at\/wp-content\/uploads\/2025\/11\/Familienfoto-Herkunft-2-pdf.jpg\" alt=\"\" class=\"wp-image-957\"\/><\/figure>\n<\/figure>\n<\/div>\n\n\n\n<div class=\"wp-block-column is-layout-flow wp-block-column-is-layout-flow\">\n<p><strong>Die Gegenwartsfamilie<\/strong><br>Die Gegenwartsfamilie bezieht sich auf die aktuelle Familie, in der du lebst oder in der du dich momentan befindest. In der systemischen Arbeit wird die Gegenwartsfamilie betrachtet, um die aktuellen Beziehungen, Rollen und Dynamiken zu verstehen. Dabei geht es darum, wie die Familienmitglieder miteinander interagieren, welche Muster sich wiederholen und wo m\u00f6glicherweise Konflikte oder Spannungen bestehen.<\/p>\n<\/div>\n<\/div>\n\n\n\n<div class=\"wp-block-nk-awb nk-awb alignwide\"><div class=\"nk-awb-wrap-content has-global-padding is-layout-constrained wp-block-awb-is-layout-constrained\">\n<p><\/p>\n\n\n\n<p><\/p>\n<\/div><\/div>\n\n\n\n<p><strong>Wie funktioniert eine Familienaufstellung?<\/strong><br>Mit der systemischen Aufstellungsarbeit \u00fcberpr\u00fcfen wir gemeinsam dein Familiensystem in Bezug auf deine Herkunfts- und Gegenwartsfamilie und stellen diese neu und richtig auf. Dabei integrieren wir alle Familienmitglieder &#8211; ob neue Partner*innen, Stief- oder Adoptionskinder sowie verstorbene oder verlorenen Himmelskinder.<br><br><strong>F\u00f6rderung der famili\u00e4ren Harmonie<\/strong><br>Durch die Wiederherstellung der Ordnung innerhalb der Familie st\u00e4rken wir das emotionale Wohlbefinden aller Mitglieder. Kunden berichten h\u00e4ufig von einem erleichterten Gef\u00fchl der Zugeh\u00f6rigkeit und des Verst\u00e4ndnisses. Die neu gewonnene Klarheit f\u00fchrt nicht nur zu einem verbesserten Miteinander, sondern auch zu einer starken Basis f\u00fcr zuk\u00fcnftige Herausforderungen.<br><br><\/p>\n\n\n\n<div class=\"wp-block-columns is-layout-flex wp-container-core-columns-is-layout-28f84493 wp-block-columns-is-layout-flex\">\n<div class=\"wp-block-column is-layout-flow wp-block-column-is-layout-flow\">\n<p class=\"has-text-align-left\">Willst Du Klarheit in einer festgefahrenen Situation bekommen und\/oder<\/p>\n\n\n\n<p class=\"has-text-align-left\">ger\u00e4tst du immer wieder<strong> <\/strong>in gleiche oder \u00e4hnliche Umst\u00e4nde sowohl<\/p>\n\n\n\n<p class=\"has-text-align-left\">im privaten, famili\u00e4ren Umfeld oder in Partnerschaften?<br><br>Dann melde dich f\u00fcr ein kostenloses Informationsgespr\u00e4ch<\/p>\n\n\n\n<p class=\"has-text-align-center\">Kontakt<\/p>\n\n\n\n<p class=\"has-text-align-center\"><br><\/p>\n<\/div>\n<\/div>\n\n\n\n<div class=\"wp-block-columns alignfull has-custom-color-5-background-color has-background is-layout-flex wp-container-core-columns-is-layout-28f84493 wp-block-columns-is-layout-flex\">\n<div class=\"wp-block-column is-layout-flow wp-block-column-is-layout-flow\">\n<p><\/p>\n<\/div>\n\n\n\n<div class=\"wp-block-column is-layout-flow wp-block-column-is-layout-flow\">\n<p><strong>Systemische Familienaufstellung \u2013 Basispaket:<\/strong><br><br><strong>Kennenlerngespr\u00e4ch<\/strong><br>Austausch \u00fcber die Familienverh\u00e4ltnisse und die aktuelle Situation<\/p>\n\n\n\n<p><strong>Familienaufstellung<\/strong><br>Herstellung der Familienordnung in der Herkunfts- oder Gegenwartsfamilie<\/p>\n\n\n\n<p><strong>Abschlussgespr\u00e4ch<\/strong><br>Gemeinsame Reflexion \u00fcber die Ver\u00e4nderung<br><br><\/p>\n<\/div>\n\n\n\n<div class=\"wp-block-column is-layout-flow wp-block-column-is-layout-flow\">\n<p><strong>Familienordnung Komplettpaket:<\/strong><br><br><strong>Kennenlerngespr\u00e4ch<\/strong><br>Austausch \u00fcber die einzelnen Familienmitglieder und das aktuelle Problem<\/p>\n\n\n\n<p><strong>Familienrollen<\/strong><br>Wer f\u00fchrt aktuelle welche Rolle im Familiensystem aus und welche Rolle sollte jeder einzelne eigentlich haben?<\/p>\n\n\n\n<p><strong>Familienaufstellung Herkunftsfamilie<\/strong><br>Check: wer steht wo und wo geh\u00f6rt er eigentlich hin?<\/p>\n\n\n\n<p><strong>Familienaufstellung Gegenwartsfamilie<br><\/strong>Check: wer steht aktuell wo und wo geh\u00f6rt er eigentlich hin?<\/p>\n\n\n\n<p><strong>Abschlussgespr\u00e4ch<br><\/strong>Was hat sich ver\u00e4ndert und was macht ihr ab sofort anders?<br><\/p>\n<\/div>\n<\/div>\n\n\n\n<p><\/p>\n\n\n\n<p><\/p>\n\n\n\n<p><\/p>\n\n\n\n<p><\/p>\n\n\n\n<figure class=\"wp-block-gallery has-nested-images columns-default is-cropped wp-block-gallery-2 is-layout-flex wp-block-gallery-is-layout-flex\">\n<figure class=\"wp-block-image size-large\"><img loading=\"lazy\" decoding=\"async\" width=\"670\" height=\"1024\" data-id=\"943\" src=\"https:\/\/heidi-aichinger.at\/wp-content\/uploads\/2025\/08\/ac5928a1493d2e196b22304917cc9a29-670x1024.jpg\" alt=\"\" class=\"wp-image-943\" srcset=\"https:\/\/heidi-aichinger.at\/wp-content\/uploads\/2025\/08\/ac5928a1493d2e196b22304917cc9a29-670x1024.jpg 670w, https:\/\/heidi-aichinger.at\/wp-content\/uploads\/2025\/08\/ac5928a1493d2e196b22304917cc9a29-196x300.jpg 196w, https:\/\/heidi-aichinger.at\/wp-content\/uploads\/2025\/08\/ac5928a1493d2e196b22304917cc9a29-768x1174.jpg 768w, https:\/\/heidi-aichinger.at\/wp-content\/uploads\/2025\/08\/ac5928a1493d2e196b22304917cc9a29-500x765.jpg 500w, https:\/\/heidi-aichinger.at\/wp-content\/uploads\/2025\/08\/ac5928a1493d2e196b22304917cc9a29-800x1223.jpg 800w, https:\/\/heidi-aichinger.at\/wp-content\/uploads\/2025\/08\/ac5928a1493d2e196b22304917cc9a29.jpg 837w\" sizes=\"auto, (max-width: 670px) 100vw, 670px\" \/><\/figure>\n<\/figure>\n\n\n\n<p><\/p>\n","protected":false},"excerpt":{"rendered":"<p>&#8222;Um klar zu sehen, gen\u00fcgt oft ein Wechsel der Blickrichtung.&#8220; (Antoine de Saint-Exup\u00e9ry) Systemische Familienordnung, f\u00fcr alle, die wieder ins Gleichgewicht kommen wollen. Wir Menschen sind immer Teil eines Systems und miteinander verbunden. \u00c4ndert sich ein Teil, so \u00e4ndert sich alles. Systemische FamilienaufstellungDie Familienaufstellung ist eine anerkannte Methode aus der systemischen Familientherapie. Sie ist eine [&hellip;]<\/p>\n","protected":false},"author":1,"featured_media":0,"parent":0,"menu_order":0,"comment_status":"closed","ping_status":"closed","template":"","meta":{"footnotes":""},"class_list":["post-198","page","type-page","status-publish","hentry"],"_links":{"self":[{"href":"https:\/\/heidi-aichinger.at\/index.php?rest_route=\/wp\/v2\/pages\/198","targetHints":{"allow":["GET"]}}],"collection":[{"href":"https:\/\/heidi-aichinger.at\/index.php?rest_route=\/wp\/v2\/pages"}],"about":[{"href":"https:\/\/heidi-aichinger.at\/index.php?rest_route=\/wp\/v2\/types\/page"}],"author":[{"embeddable":true,"href":"https:\/\/heidi-aichinger.at\/index.php?rest_route=\/wp\/v2\/users\/1"}],"replies":[{"embeddable":true,"href":"https:\/\/heidi-aichinger.at\/index.php?rest_route=%2Fwp%2Fv2%2Fcomments&post=198"}],"version-history":[{"count":64,"href":"https:\/\/heidi-aichinger.at\/index.php?rest_route=\/wp\/v2\/pages\/198\/revisions"}],"predecessor-version":[{"id":960,"href":"https:\/\/heidi-aichinger.at\/index.php?rest_route=\/wp\/v2\/pages\/198\/revisions\/960"}],"wp:attachment":[{"href":"https:\/\/heidi-aichinger.at\/index.php?rest_route=%2Fwp%2Fv2%2Fmedia&parent=198"}],"curies":[{"name":"wp","href":"https:\/\/api.w.org\/{rel}","templated":true}]}}