{"id":172,"date":"2025-08-02T09:09:10","date_gmt":"2025-08-02T09:09:10","guid":{"rendered":"https:\/\/heidi-aichinger.at\/?page_id=172"},"modified":"2025-08-27T15:10:58","modified_gmt":"2025-08-27T15:10:58","slug":"libra","status":"publish","type":"page","link":"https:\/\/heidi-aichinger.at\/?page_id=172","title":{"rendered":"LiBRA\u00ae"},"content":{"rendered":"\n<div class=\"wp-block-cover alignfull is-light\" style=\"min-height:244px;aspect-ratio:unset;\"><img loading=\"lazy\" decoding=\"async\" width=\"1024\" height=\"731\" class=\"wp-block-cover__image-background wp-image-296\" alt=\"\" src=\"https:\/\/heidi-aichinger.at\/wp-content\/uploads\/2025\/08\/IMG_9754-1024x731.jpg\" style=\"object-position:20% 27%\" data-object-fit=\"cover\" data-object-position=\"20% 27%\" srcset=\"https:\/\/heidi-aichinger.at\/wp-content\/uploads\/2025\/08\/IMG_9754-1024x731.jpg 1024w, https:\/\/heidi-aichinger.at\/wp-content\/uploads\/2025\/08\/IMG_9754-300x214.jpg 300w, https:\/\/heidi-aichinger.at\/wp-content\/uploads\/2025\/08\/IMG_9754-768x548.jpg 768w, https:\/\/heidi-aichinger.at\/wp-content\/uploads\/2025\/08\/IMG_9754-500x357.jpg 500w, https:\/\/heidi-aichinger.at\/wp-content\/uploads\/2025\/08\/IMG_9754-800x571.jpg 800w, https:\/\/heidi-aichinger.at\/wp-content\/uploads\/2025\/08\/IMG_9754.jpg 1280w\" sizes=\"auto, (max-width: 1024px) 100vw, 1024px\" \/><span aria-hidden=\"true\" class=\"wp-block-cover__background has-background-dim-0 has-background-dim\"><\/span><div class=\"wp-block-cover__inner-container is-layout-flow wp-block-cover-is-layout-flow\">\n<p class=\"has-text-align-right has-base-color has-text-color has-link-color has-x-large-font-size wp-elements-de0a5b4a970d683f467e6639bc23b24b\">LiBRA<sup>\u00ae<\/sup><\/p>\n\n\n\n<p class=\"has-text-align-right has-base-color has-text-color has-link-color has-x-large-font-size wp-elements-33a90ce3115d861a016156c0906359c3\">Balancebewegungen in Gruppen<\/p>\n<\/div><\/div>\n\n\n\n<div class=\"wp-block-columns alignfull is-layout-flex wp-container-core-columns-is-layout-28f84493 wp-block-columns-is-layout-flex\">\n<div class=\"wp-block-column is-layout-flow wp-block-column-is-layout-flow\">\n<p class=\"has-text-align-center has-custom-color-5-background-color has-background\">Leben in Balance mit Reflexzentrierung und Achtsamkeit!<\/p>\n<\/div>\n<\/div>\n\n\n\n<div class=\"wp-block-columns alignfull is-layout-flex wp-container-core-columns-is-layout-28f84493 wp-block-columns-is-layout-flex\">\n<div class=\"wp-block-column is-layout-flow wp-block-column-is-layout-flow\">\n<div class=\"wp-block-columns is-layout-flex wp-container-core-columns-is-layout-28f84493 wp-block-columns-is-layout-flex\">\n<div class=\"wp-block-column is-layout-flow wp-block-column-is-layout-flow\" style=\"flex-basis:100%\">\n<div class=\"wp-block-group has-global-padding is-layout-constrained wp-block-group-is-layout-constrained\">\n<div style=\"height:33px\" aria-hidden=\"true\" class=\"wp-block-spacer\"><\/div>\n\n\n\n<p class=\"has-text-align-left has-comfortaa-font-family has-large-font-size\"><strong>Was ist LiBRA<sup>\u00ae<\/sup>? <\/strong><br><br>LiBRA hei\u00dft <strong>L<\/strong>eben <strong>i<\/strong>n <strong>B<\/strong>alance mit <strong>R<\/strong>eflexzentrierung und <strong>A<\/strong>chtsamkeit und ist ein einzigartiges ganzheitliches Balancebewegungsprogramm. Mit den eigens hierf\u00fcr entwickelten Balancebewegungen ist es m\u00f6glich, gestresste fr\u00fchkindliche Reflexe, auch in einer Gruppe, zu balancieren. \u00a0 <br>Mit einfachen \u00dcbungen k\u00f6nnen Menschen jeden Alters ihr Potential auf k\u00f6rperlicher und neuronaler Ebene vollst\u00e4ndig entfalten. \u00a0 <br><br>LiBRA<strong><sup>\u00ae<\/sup><\/strong> vereint mehrere Methoden in ihrer Essenz zu einem leichten, schnellen Programm, das sowohl Spa\u00df macht als auch effektiv ist. \u00a0<br><\/p>\n<\/div>\n<\/div>\n<\/div>\n<\/div>\n<\/div>\n\n\n\n<div class=\"wp-block-columns alignfull has-custom-color-5-background-color has-background is-layout-flex wp-container-core-columns-is-layout-28f84493 wp-block-columns-is-layout-flex\">\n<div class=\"wp-block-column has-custom-color-5-background-color has-background is-layout-flow wp-block-column-is-layout-flow\" style=\"flex-basis:33.33%\">\n<div class=\"wp-block-cover is-light animated fadeInUp\"><img loading=\"lazy\" decoding=\"async\" width=\"1024\" height=\"678\" class=\"wp-block-cover__image-background wp-image-314\" alt=\"\" src=\"https:\/\/heidi-aichinger.at\/wp-content\/uploads\/2025\/08\/IMG_9753-1024x678.jpg\" style=\"object-position:64% 20%\" data-object-fit=\"cover\" data-object-position=\"64% 20%\" srcset=\"https:\/\/heidi-aichinger.at\/wp-content\/uploads\/2025\/08\/IMG_9753-1024x678.jpg 1024w, https:\/\/heidi-aichinger.at\/wp-content\/uploads\/2025\/08\/IMG_9753-300x199.jpg 300w, https:\/\/heidi-aichinger.at\/wp-content\/uploads\/2025\/08\/IMG_9753-768x508.jpg 768w, https:\/\/heidi-aichinger.at\/wp-content\/uploads\/2025\/08\/IMG_9753-500x331.jpg 500w, https:\/\/heidi-aichinger.at\/wp-content\/uploads\/2025\/08\/IMG_9753-800x529.jpg 800w, https:\/\/heidi-aichinger.at\/wp-content\/uploads\/2025\/08\/IMG_9753.jpg 1280w\" sizes=\"auto, (max-width: 1024px) 100vw, 1024px\" \/><span aria-hidden=\"true\" class=\"wp-block-cover__background has-custom-color-5-background-color has-background-dim-40 has-background-dim\"><\/span><div class=\"wp-block-cover__inner-container is-layout-flow wp-block-cover-is-layout-flow\">\n<p class=\"has-text-align-center has-large-font-size\"><\/p>\n<\/div><\/div>\n<\/div>\n\n\n\n<div class=\"wp-block-column is-vertically-aligned-center is-layout-flow wp-block-column-is-layout-flow\" style=\"flex-basis:66.66%\">\n<p class=\"has-text-align-left animated fadeInUp has-comfortaa-font-family\"><strong>F\u00fcr wen ist<strong> LiBRA<sup>\u00ae<\/sup><\/strong>? \u00a0<\/strong><br><br>LiBRA<strong><sup>\u00ae<\/sup><\/strong> ist f\u00fcr alle Menschen jeden Alters, ab 5 Jahre geeignet. Das Programm ist in allen Lebensbereichen einsetzbar: Zuhause f\u00fcr die Familie, in Schulen, in Kinderg\u00e4rten (als Schulvorbereitung optimal), in Sportvereinen, in Unternehmen oder in Seniorenwohn-anlagen.\u00a0Selbst Sportler im Leistungsbereich k\u00f6nnen dadurch Verbesserungen in der Koordination und effizientere Bewegungsabl\u00e4ufe erreichen. Durch die Gruppenbewegung entsteht eine Gruppendynamik und ein Zusammenhalt, der zudem noch Spa\u00df macht. <br>LiBRA<strong><sup>\u00ae<\/sup><\/strong> \u00a0ist ein Gruppenprogramm, kann aber auch von Einzelpersonen in Anspruch genommen werden. \u00a0<\/p>\n<\/div>\n<\/div>\n\n\n\n<div class=\"wp-block-columns alignfull has-custom-color-1-background-color has-background is-layout-flex wp-container-core-columns-is-layout-28f84493 wp-block-columns-is-layout-flex\">\n<div class=\"wp-block-column is-vertically-aligned-center is-layout-flow wp-block-column-is-layout-flow\" style=\"flex-basis:66.66%\">\n<p class=\"has-text-align-left has-custom-color-1-background-color has-background has-comfortaa-font-family\"><strong>Wie funktioniert <strong> LiBRA<sup>\u00ae<\/sup><\/strong>? \u00a0<\/strong><br><br> LiBRA<sup>\u00ae<\/sup> kombiniert gezielte Zentrierungs- und Achtsamkeits\u00fcbungen mit einer fantasievollen Geschichte. Gemeinsam tauchen wir in den<strong> <\/strong>LiBRA<sup>\u00ae<\/sup>-Zauberwald ein, wo in vier aufeinander aufbauenden Modulen verschiedene Krafttiere ihre einzigartigen Bewegungen zeigen. Jede \u00dcbung hilft, fr\u00fchkindliche Reflexe spielerisch in Balance zu bringen und das innere sowie \u00e4u\u00dfere Gleichgewicht zu f\u00f6rdern.<\/p>\n<\/div>\n\n\n\n<div class=\"wp-block-column has-custom-color-5-background-color has-background is-layout-flow wp-block-column-is-layout-flow\" style=\"flex-basis:33.33%\">\n<div class=\"wp-block-cover is-light\"><img loading=\"lazy\" decoding=\"async\" width=\"1024\" height=\"682\" class=\"wp-block-cover__image-background wp-image-321 size-large\" alt=\"\" src=\"http:\/\/heidi-aichinger.at\/wp-content\/uploads\/2025\/08\/IMG_9743-1024x682.jpg\" data-object-fit=\"cover\" srcset=\"https:\/\/heidi-aichinger.at\/wp-content\/uploads\/2025\/08\/IMG_9743-1024x682.jpg 1024w, https:\/\/heidi-aichinger.at\/wp-content\/uploads\/2025\/08\/IMG_9743-300x200.jpg 300w, https:\/\/heidi-aichinger.at\/wp-content\/uploads\/2025\/08\/IMG_9743-768x512.jpg 768w, https:\/\/heidi-aichinger.at\/wp-content\/uploads\/2025\/08\/IMG_9743-500x333.jpg 500w, https:\/\/heidi-aichinger.at\/wp-content\/uploads\/2025\/08\/IMG_9743-800x533.jpg 800w, https:\/\/heidi-aichinger.at\/wp-content\/uploads\/2025\/08\/IMG_9743.jpg 1280w\" sizes=\"auto, (max-width: 1024px) 100vw, 1024px\" \/><span aria-hidden=\"true\" class=\"wp-block-cover__background has-custom-color-5-background-color has-background-dim-40 has-background-dim\"><\/span><div class=\"wp-block-cover__inner-container is-layout-flow wp-block-cover-is-layout-flow\">\n<p class=\"has-text-align-center has-large-font-size\"><\/p>\n<\/div><\/div>\n<\/div>\n<\/div>\n\n\n\n<div class=\"wp-block-columns alignfull has-custom-color-5-background-color has-background is-layout-flex wp-container-core-columns-is-layout-28f84493 wp-block-columns-is-layout-flex\">\n<div class=\"wp-block-column has-custom-color-5-background-color has-background is-layout-flow wp-block-column-is-layout-flow\" style=\"flex-basis:33.33%\">\n<div class=\"wp-block-cover is-light\"><img loading=\"lazy\" decoding=\"async\" width=\"1024\" height=\"678\" class=\"wp-block-cover__image-background wp-image-314\" alt=\"\" src=\"https:\/\/heidi-aichinger.at\/wp-content\/uploads\/2025\/08\/IMG_9753-1024x678.jpg\" style=\"object-position:64% 20%\" data-object-fit=\"cover\" data-object-position=\"64% 20%\" srcset=\"https:\/\/heidi-aichinger.at\/wp-content\/uploads\/2025\/08\/IMG_9753-1024x678.jpg 1024w, https:\/\/heidi-aichinger.at\/wp-content\/uploads\/2025\/08\/IMG_9753-300x199.jpg 300w, https:\/\/heidi-aichinger.at\/wp-content\/uploads\/2025\/08\/IMG_9753-768x508.jpg 768w, https:\/\/heidi-aichinger.at\/wp-content\/uploads\/2025\/08\/IMG_9753-500x331.jpg 500w, https:\/\/heidi-aichinger.at\/wp-content\/uploads\/2025\/08\/IMG_9753-800x529.jpg 800w, https:\/\/heidi-aichinger.at\/wp-content\/uploads\/2025\/08\/IMG_9753.jpg 1280w\" sizes=\"auto, (max-width: 1024px) 100vw, 1024px\" \/><span aria-hidden=\"true\" class=\"wp-block-cover__background has-custom-color-5-background-color has-background-dim-40 has-background-dim\"><\/span><div class=\"wp-block-cover__inner-container is-layout-flow wp-block-cover-is-layout-flow\">\n<p class=\"has-text-align-center has-large-font-size\"><\/p>\n<\/div><\/div>\n<\/div>\n\n\n\n<div class=\"wp-block-column is-vertically-aligned-center is-layout-flow wp-block-column-is-layout-flow\" style=\"flex-basis:66.66%\">\n<p class=\"has-text-align-left has-custom-color-5-background-color has-background has-comfortaa-font-family\"><strong>Wie ist der Ablauf von <strong> LiBRA<sup>\u00ae<\/sup><\/strong>? \u00a0<\/strong> <br><br>LiBRA<sup>\u00ae<\/sup> besteht aus 4 Modulen, die an 6 Terminen durchgef\u00fchrt werden. Der Abstand zwischen den Modulen liegt zwischen ein bis zwei Wochen. Das Programm beinhaltet zudem einen Informationsabend f\u00fcr die Eltern, bei jedem Kind eine Bestandsaufnahme der noch nicht balancierten Reflexe und eine \u201cGl\u00fccksstunde\u201d zum Abschluss, um die positiven Ver\u00e4nderungen zu feiern sowie praktische Tools f\u00fcr die Selbstanwendung zu Hause.<\/p>\n<\/div>\n<\/div>\n\n\n\n<div class=\"wp-block-columns alignfull has-custom-color-1-background-color has-background is-layout-flex wp-container-core-columns-is-layout-28f84493 wp-block-columns-is-layout-flex\">\n<div class=\"wp-block-column is-layout-flow wp-block-column-is-layout-flow\"><\/div>\n\n\n\n<div class=\"wp-block-column is-vertically-aligned-center has-custom-color-1-background-color has-background is-layout-flow wp-block-column-is-layout-flow\" style=\"flex-basis:66.66%\">\n<p class=\"has-text-align-left has-custom-color-1-background-color has-background has-comfortaa-font-family\"><strong>Wann lohnt sich<strong> LiBRA<sup>\u00ae<\/sup><\/strong>?<\/strong><br>Die Auff\u00e4lligkeiten, die sich durch die Zentrierungs\u00fcbungen verbessern oder sogar aufl\u00f6sen k\u00f6nnen, sind vielf\u00e4ltig. <br><br>Die Bewegungen aktivieren st\u00e4rken beide Gehirnh\u00e4lften.\u00a0F\u00f6rdert\u00a0 das Gef\u00fchl der\u00a0K\u00f6rpermitte, die\u00a0Koordination, die\u00a0Konzentration\u00a0und\u00a0die\u00a0Kognition.\u00a0Ebenso sorgen die\u00a0kreativen und vielseitigen Bewegungen\u00a0f\u00fcr eine\u00a0Kr\u00e4ftigung der Muskulatur\u00a0und mehr\u00a0Beweglichkeit. LiBRA<sup>\u00ae<\/sup> sorgt f\u00fcr mehr Energie und emotionale Ausgeglichenheit. W\u00e4hrend der Module werden den Kindern bzw. den Erwachsenen zus\u00e4tzliche Achtsamkeits\u00fcbungen als Entspannungselemente zur\u00a0Stressreduktion\u00a0im Alltag und im Schuleben gezeigt. <br><\/p>\n<\/div>\n\n\n\n<div class=\"wp-block-column has-custom-color-1-background-color has-background is-layout-flow wp-block-column-is-layout-flow\" style=\"flex-basis:33.33%\">\n<figure class=\"wp-block-image alignleft is-resized\"><img loading=\"lazy\" decoding=\"async\" width=\"1024\" height=\"682\" src=\"https:\/\/heidi-aichinger.at\/wp-content\/uploads\/2025\/08\/IMG_9743-1024x682.jpg\" alt=\"\" class=\"wp-image-321\" style=\"width:438px;height:auto\" srcset=\"https:\/\/heidi-aichinger.at\/wp-content\/uploads\/2025\/08\/IMG_9743-1024x682.jpg 1024w, https:\/\/heidi-aichinger.at\/wp-content\/uploads\/2025\/08\/IMG_9743-300x200.jpg 300w, https:\/\/heidi-aichinger.at\/wp-content\/uploads\/2025\/08\/IMG_9743-768x512.jpg 768w, https:\/\/heidi-aichinger.at\/wp-content\/uploads\/2025\/08\/IMG_9743-500x333.jpg 500w, https:\/\/heidi-aichinger.at\/wp-content\/uploads\/2025\/08\/IMG_9743-800x533.jpg 800w, https:\/\/heidi-aichinger.at\/wp-content\/uploads\/2025\/08\/IMG_9743.jpg 1280w\" sizes=\"auto, (max-width: 1024px) 100vw, 1024px\" \/><\/figure>\n<\/div>\n\n\n\n<div class=\"wp-block-column is-layout-flow wp-block-column-is-layout-flow\"><\/div>\n<\/div>\n\n\n\n<div class=\"wp-block-columns alignfull has-custom-color-5-background-color has-background is-layout-flex wp-container-core-columns-is-layout-28f84493 wp-block-columns-is-layout-flex\">\n<div class=\"wp-block-column has-custom-color-5-background-color has-background is-layout-flow wp-block-column-is-layout-flow\" style=\"flex-basis:33.33%\">\n<p>LiBRA\u00ae Anmeldung &#038; Fragebogen<\/p>\n\n\n\n<p><\/p>\n\n\n\n<p>Bitte bring den ausgef\u00fcllten Fragebogen sowie die Anmeldung mit zum ersten Termin<\/p>\n<\/div>\n\n\n\n<div class=\"wp-block-column is-layout-flow wp-block-column-is-layout-flow\"><\/div>\n\n\n\n<div class=\"wp-block-column is-vertically-aligned-center is-layout-flow wp-block-column-is-layout-flow\" style=\"flex-basis:66.66%\">\n<figure class=\"wp-block-video alignright\"><video controls src=\"http:\/\/heidi-aichinger.at\/wp-content\/uploads\/2025\/08\/LiBRA-Erklaervideo-0723-klein.mp4\"><\/video><\/figure>\n\n\n\n<p class=\"has-text-align-left has-custom-color-5-background-color has-background has-comfortaa-font-family\"><strong>LiBRA\u00ae<\/strong> kurz erkl\u00e4rt<\/p>\n<\/div>\n<\/div>\n\n\n\n<div class=\"wp-block-columns is-layout-flex wp-container-core-columns-is-layout-28f84493 wp-block-columns-is-layout-flex\">\n<div class=\"wp-block-column is-layout-flow wp-block-column-is-layout-flow\" style=\"flex-basis:33.33%\">\n<p><\/p>\n\n\n\n<p><\/p>\n\n\n\n<p><\/p>\n<\/div>\n\n\n\n<div class=\"wp-block-column is-layout-flow wp-block-column-is-layout-flow\" style=\"flex-basis:66.66%\">\n<p class=\"has-text-align-center\"><br><\/p>\n<\/div>\n<\/div>\n\n\n\n<div class=\"wp-block-nk-awb nk-awb alignwide\"><div class=\"nk-awb-wrap-content has-global-padding is-layout-constrained wp-block-awb-is-layout-constrained\">\n<p>Angebote <\/p>\n\n\n\n<p>Einzeltraining<\/p>\n\n\n\n<p>Familientraining<\/p>\n\n\n\n<p>Balance f\u00fcr Schulen, Kinderg\u00e4rten und Vereine<\/p>\n\n\n\n<p><\/p>\n\n\n\n<p><\/p>\n\n\n\n<p><\/p>\n\n\n\n<p>Kontakt<\/p>\n\n\n\n<p><\/p>\n\n\n\n<p><\/p>\n\n\n\n<p><\/p>\n<\/div><\/div>\n\n\n\n<div class=\"wp-block-columns is-layout-flex wp-container-core-columns-is-layout-28f84493 wp-block-columns-is-layout-flex\">\n<div class=\"wp-block-column is-layout-flow wp-block-column-is-layout-flow\" style=\"flex-basis:100%\">\n<div class=\"wp-block-nk-awb nk-awb\"><div class=\"nk-awb-wrap-content has-global-padding is-layout-constrained wp-block-awb-is-layout-constrained\">\n<div class=\"wp-block-columns is-layout-flex wp-container-core-columns-is-layout-28f84493 wp-block-columns-is-layout-flex\">\n<div class=\"wp-block-column is-layout-flow wp-block-column-is-layout-flow\" style=\"flex-basis:33.33%\"><\/div>\n\n\n\n<div class=\"wp-block-column is-layout-flow wp-block-column-is-layout-flow\" style=\"flex-basis:66.66%\"><\/div>\n<\/div>\n<\/div><\/div>\n<\/div>\n<\/div>\n\n\n\n<div class=\"wp-block-columns is-layout-flex wp-container-core-columns-is-layout-28f84493 wp-block-columns-is-layout-flex\">\n<div class=\"wp-block-column is-layout-flow wp-block-column-is-layout-flow\" style=\"flex-basis:33.33%\"><\/div>\n\n\n\n<div class=\"wp-block-column is-layout-flow wp-block-column-is-layout-flow\" style=\"flex-basis:66.66%\"><\/div>\n<\/div>\n\n\n\n<p><\/p>\n","protected":false},"excerpt":{"rendered":"<p>Leben in Balance mit Reflexzentrierung und Achtsamkeit! Was ist LiBRA\u00ae? LiBRA hei\u00dft Leben in Balance mit Reflexzentrierung und Achtsamkeit und ist ein einzigartiges ganzheitliches Balancebewegungsprogramm. Mit den eigens hierf\u00fcr entwickelten Balancebewegungen ist es m\u00f6glich, gestresste fr\u00fchkindliche Reflexe, auch in einer Gruppe, zu balancieren. \u00a0 Mit einfachen \u00dcbungen k\u00f6nnen Menschen jeden Alters ihr Potential auf k\u00f6rperlicher [&hellip;]<\/p>\n","protected":false},"author":1,"featured_media":0,"parent":0,"menu_order":0,"comment_status":"closed","ping_status":"closed","template":"","meta":{"footnotes":""},"class_list":["post-172","page","type-page","status-publish","hentry"],"_links":{"self":[{"href":"https:\/\/heidi-aichinger.at\/index.php?rest_route=\/wp\/v2\/pages\/172","targetHints":{"allow":["GET"]}}],"collection":[{"href":"https:\/\/heidi-aichinger.at\/index.php?rest_route=\/wp\/v2\/pages"}],"about":[{"href":"https:\/\/heidi-aichinger.at\/index.php?rest_route=\/wp\/v2\/types\/page"}],"author":[{"embeddable":true,"href":"https:\/\/heidi-aichinger.at\/index.php?rest_route=\/wp\/v2\/users\/1"}],"replies":[{"embeddable":true,"href":"https:\/\/heidi-aichinger.at\/index.php?rest_route=%2Fwp%2Fv2%2Fcomments&post=172"}],"version-history":[{"count":99,"href":"https:\/\/heidi-aichinger.at\/index.php?rest_route=\/wp\/v2\/pages\/172\/revisions"}],"predecessor-version":[{"id":937,"href":"https:\/\/heidi-aichinger.at\/index.php?rest_route=\/wp\/v2\/pages\/172\/revisions\/937"}],"wp:attachment":[{"href":"https:\/\/heidi-aichinger.at\/index.php?rest_route=%2Fwp%2Fv2%2Fmedia&parent=172"}],"curies":[{"name":"wp","href":"https:\/\/api.w.org\/{rel}","templated":true}]}}